{"id":317,"date":"2024-11-22T16:08:26","date_gmt":"2024-11-22T16:08:26","guid":{"rendered":"https:\/\/kutijezahranu.rs\/?page_id=317"},"modified":"2025-03-20T13:35:06","modified_gmt":"2025-03-20T13:35:06","slug":"product-returns-and-replacement","status":"publish","type":"page","link":"https:\/\/foodbox.rs\/en\/product-returns-and-replacement\/","title":{"rendered":"Complaints and replacement of products"},"content":{"rendered":"<div data-elementor-type=\"wp-page\" data-elementor-id=\"317\" class=\"elementor elementor-317\" data-elementor-post-type=\"page\">\n\t\t\t\t<div class=\"elementor-element elementor-element-276e9ac e-flex e-con-boxed e-con e-parent\" data-id=\"276e9ac\" data-element_type=\"container\">\n\t\t\t\t\t<div class=\"e-con-inner\">\n\t\t\t\t<div class=\"elementor-element elementor-element-0bdd205 elementor-widget elementor-widget-text-editor\" data-id=\"0bdd205\" data-element_type=\"widget\" data-widget_type=\"text-editor.default\">\n\t\t\t\t<div class=\"elementor-widget-container\">\n\t\t\t\t\t\t\t\t\t<div class=\"et_pb_row et_pb_row_0\"><div class=\"et_pb_column et_pb_column_4_4 et_pb_column_0 et_pb_css_mix_blend_mode_passthrough et-last-child\"><div class=\"et_pb_module et_pb_post_title et_pb_post_title_0 et_pb_bg_layout_light et_pb_text_align_left\"><div class=\"et_pb_title_container\"><h5 class=\"entry-title\">COMPLAINTS AND REPLACEMENT OF PRODUCTS<\/h5><\/div><\/div><\/div><\/div><div class=\"et_pb_row et_pb_row_1 subsection\"><div class=\"et_pb_column et_pb_column_4_4 et_pb_column_1 et_pb_css_mix_blend_mode_passthrough et-last-child\"><div class=\"et_pb_module et_pb_text et_pb_text_0 et_pb_text_align_left et_pb_bg_layout_light\"><div class=\"et_pb_text_inner\"><h5>CLAIMS FOR DAMAGE DURING TRANSPORT<\/h5><\/div><\/div><div class=\"et_pb_module et_pb_text et_pb_text_1 et_pb_text_align_left et_pb_bg_layout_light\"><div class=\"et_pb_text_inner\"><p>It is very important that you immediately report any damage in transit, visible on the product packaging, to the courier who delivers the goods to you. The buyer is obliged to report any damage during transport within 24 hours of receiving the goods, by calling the phone number 064 9555559 or by sending an e-mail with his data (name, surname, phone) to e-mail info@foodbox.rs with a description of the observed damage.<\/p><p>If you notice such damage, do not sign for receipt of the shipment or ask the courier to wait until you check whether the damage to the packaging caused damage to the product itself or the loss of parts. If the product is not damaged, and all parts are numbered, sign the receipt of the shipment.<\/p><\/div><\/div><\/div><\/div><div class=\"et_pb_row et_pb_row_2 subsection\"><div class=\"et_pb_column et_pb_column_4_4 et_pb_column_2 et_pb_css_mix_blend_mode_passthrough et-last-child\"><div class=\"et_pb_module et_pb_text et_pb_text_2 et_pb_text_align_left et_pb_bg_layout_light\"><div class=\"et_pb_text_inner\"><h5>COMPLAINTS ABOUT DATA OR WRONG TYPE OF GOODS<\/h5><\/div><\/div><div class=\"et_pb_module et_pb_text et_pb_text_3 et_pb_text_align_left et_pb_bg_layout_light\"><div class=\"et_pb_text_inner\"><p>If you received the shipment and after opening the box found that the delivered goods do not correspond to the ordered ones or the information on the invoice is not correct, please call us at the latest within 24 hours from the moment of receipt of the shipment by phone at 064 9555559 or send an e-mail with your information (name, surname, phone) to e-mail info@foodbox.rs and describe the problem you have.<\/p><p>The working hours of the courier service are every working day from 8 a.m. to 5 p.m., on Saturdays from 9 a.m. to 2 p.m. If the deadline for taking over the advertised product falls on a Sunday or non-working days in the territory of the Republic of Serbia during national or religious holidays, the deadline for taking over the advertised product expires on the first following working day.<\/p><p>In the shortest possible time, we will respond to the consumer's complaint by electronic means (e-mail) by confirming receipt of the complaint and informing you about further action. The deadline for responding to a complaint is 8 days, and for resolving a complaint, it is 15 days from the moment it is reported.<\/p><\/div><\/div><\/div><\/div><div class=\"et_pb_row et_pb_row_4 subsection\"><div class=\"et_pb_column et_pb_column_4_4 et_pb_column_4 et_pb_css_mix_blend_mode_passthrough et-last-child\"><div class=\"et_pb_module et_pb_text et_pb_text_6 et_pb_text_align_left et_pb_bg_layout_light\"><div class=\"et_pb_text_inner\"><h5>EXCHANGE FOR ANOTHER ITEM<\/h5><\/div><\/div><div class=\"et_pb_module et_pb_text et_pb_text_7 et_pb_text_align_left et_pb_bg_layout_light\"><div class=\"et_pb_text_inner\"><p>If you want to exchange the product for another one, you can do so provided that the product has not been used and is damaged. The cost of returning the product is borne by the customer. You can, but are not obliged to, state the reasons for the replacement.<\/p><p>The exchange must be made within the legal term of 14 days from the day of receipt of the shipment. In the event of a deviation from the specified specification on the website or a defect, \"www.foodbox.rs\" is obliged to replace the product with a correct one, and we bear all costs. The warranty is not valid in the event of a defect resulting from improper use.<\/p><p>In the event that after receiving the product you have determined that the size is not suitable for you, please contact us via email at info@foodbox.rs. You need to write the invoice\/shipping number, the product code and the size you want.<\/p><p>If, after receiving the product, you have decided that you want to exchange the product for the same or another product of the same or higher price category, please contact us via email at info@foodbox.rs and specify the invoice\/shipping number, code and size of the product for which you want to exchange the originally ordered product.<\/p><p>If the purchased product for which a replacement is requested is not in stock, the seller is obliged to replace the product with another product at the customer's request, with a possible surcharge or refund of the price difference. In the event that there is no possibility of replacement, the seller is obliged to return the money to the buyer, and the costs of return are borne by the buyer.<\/p><\/div><\/div><\/div><\/div><div class=\"et_pb_row et_pb_row_5 subsection\"><div class=\"et_pb_column et_pb_column_4_4 et_pb_column_5 et_pb_css_mix_blend_mode_passthrough et-last-child\"><div class=\"et_pb_module et_pb_text et_pb_text_8 et_pb_text_align_left et_pb_bg_layout_light\"><div class=\"et_pb_text_inner\"><h5>REFUNDS<\/h5><\/div><\/div><div class=\"et_pb_module et_pb_text et_pb_text_9 et_pb_text_align_left et_pb_bg_layout_light\"><div class=\"et_pb_text_inner\"><p>In the case of returning goods and refunding funds to a customer who previously paid with one of the payment cards, partially or in full, and regardless of the reason for the return, \"www.foodbox.rs\" is obliged to make the refund exclusively via VISA, EC\/MC and Maestro payment methods, which means that the bank will refund the funds to the card user's account at the seller's request.<\/p><\/div><\/div><\/div><\/div>\t\t\t\t\t\t\t\t<\/div>\n\t\t\t\t<\/div>\n\t\t\t\t\t<\/div>\n\t\t\t\t<\/div>\n\t\t\t\t<\/div>","protected":false},"excerpt":{"rendered":"<p>REKLAMACIJE I ZAMENA ROBE REKLAMACIJE NA O\u0160TE\u0106ENJE U TRANSPORTU Veoma je va\u017eno da sva o\u0161te\u0107enja u transportu, vidjliva na pakovanju proizvoda odmah prijavite kuriru koji vam isporu\u010di robu. Svako o\u0161te\u0107enje pri transportu kupac je du\u017ean da prijavi u roku od 24h od prijema robe, pozivom na telefonski broj\u00a0 064 9555559 ili slanjem e-mail-a sa svojim [&hellip;]<\/p>","protected":false},"author":1,"featured_media":0,"parent":0,"menu_order":0,"comment_status":"closed","ping_status":"closed","template":"elementor_header_footer","meta":{"footnotes":""},"class_list":["post-317","page","type-page","status-publish","hentry"],"_links":{"self":[{"href":"https:\/\/foodbox.rs\/en\/wp-json\/wp\/v2\/pages\/317","targetHints":{"allow":["GET"]}}],"collection":[{"href":"https:\/\/foodbox.rs\/en\/wp-json\/wp\/v2\/pages"}],"about":[{"href":"https:\/\/foodbox.rs\/en\/wp-json\/wp\/v2\/types\/page"}],"author":[{"embeddable":true,"href":"https:\/\/foodbox.rs\/en\/wp-json\/wp\/v2\/users\/1"}],"replies":[{"embeddable":true,"href":"https:\/\/foodbox.rs\/en\/wp-json\/wp\/v2\/comments?post=317"}],"version-history":[{"count":13,"href":"https:\/\/foodbox.rs\/en\/wp-json\/wp\/v2\/pages\/317\/revisions"}],"predecessor-version":[{"id":1863,"href":"https:\/\/foodbox.rs\/en\/wp-json\/wp\/v2\/pages\/317\/revisions\/1863"}],"wp:attachment":[{"href":"https:\/\/foodbox.rs\/en\/wp-json\/wp\/v2\/media?parent=317"}],"curies":[{"name":"wp","href":"https:\/\/api.w.org\/{rel}","templated":true}]}}