{"id":312,"date":"2024-11-22T16:06:24","date_gmt":"2024-11-22T16:06:24","guid":{"rendered":"https:\/\/kutijezahranu.rs\/?page_id=312"},"modified":"2025-02-18T11:55:59","modified_gmt":"2025-02-18T11:55:59","slug":"delivery","status":"publish","type":"page","link":"https:\/\/foodbox.rs\/en\/delivery\/","title":{"rendered":"Delivery"},"content":{"rendered":"<div data-elementor-type=\"wp-page\" data-elementor-id=\"312\" class=\"elementor elementor-312\" data-elementor-post-type=\"page\">\n\t\t\t\t<div class=\"elementor-element elementor-element-545fbdd e-flex e-con-boxed e-con e-parent\" data-id=\"545fbdd\" data-element_type=\"container\" data-settings=\"{&quot;background_background&quot;:&quot;classic&quot;}\">\n\t\t\t\t\t<div class=\"e-con-inner\">\n\t\t<div class=\"elementor-element elementor-element-d9e106d e-con-full e-flex e-con e-child\" data-id=\"d9e106d\" data-element_type=\"container\">\n\t\t\t\t<div class=\"elementor-element elementor-element-a4c39a5 elementor-widget elementor-widget-woocommerce-breadcrumb\" data-id=\"a4c39a5\" data-element_type=\"widget\" data-widget_type=\"woocommerce-breadcrumb.default\">\n\t\t\t\t<div class=\"elementor-widget-container\">\n\t\t\t\t\t<nav class=\"woocommerce-breadcrumb site-breadcrumb\" data-no-translation=\"\" data-trp-gettext=\"\">Home<\/nav>\t\t\t\t<\/div>\n\t\t\t\t<\/div>\n\t\t\t\t<div class=\"elementor-element elementor-element-4811f26 elementor-widget__width-inherit elementor-widget elementor-widget-heading\" data-id=\"4811f26\" data-element_type=\"widget\" data-widget_type=\"heading.default\">\n\t\t\t\t<div class=\"elementor-widget-container\">\n\t\t\t\t\t<h2 class=\"elementor-heading-title elementor-size-default\">Delivery<\/h2>\t\t\t\t<\/div>\n\t\t\t\t<\/div>\n\t\t\t\t<\/div>\n\t\t\t\t\t<\/div>\n\t\t\t\t<\/div>\n\t\t<div class=\"elementor-element elementor-element-31f4c26 e-flex e-con-boxed e-con e-parent\" data-id=\"31f4c26\" data-element_type=\"container\">\n\t\t\t\t\t<div class=\"e-con-inner\">\n\t\t\t\t<div class=\"elementor-element elementor-element-744fa1b elementor-widget elementor-widget-text-editor\" data-id=\"744fa1b\" data-element_type=\"widget\" data-widget_type=\"text-editor.default\">\n\t\t\t\t<div class=\"elementor-widget-container\">\n\t\t\t\t\t\t\t\t\t<div class=\"et_pb_row et_pb_row_0\"><div class=\"et_pb_column et_pb_column_4_4 et_pb_column_0 et_pb_css_mix_blend_mode_passthrough et-last-child\"><div class=\"et_pb_module et_pb_post_title et_pb_post_title_0 et_pb_bg_layout_light et_pb_text_align_left\"><div class=\"et_pb_title_container\"><h5 class=\"entry-title\">DELIVERY<\/h5><\/div><\/div><div class=\"et_pb_module et_pb_text et_pb_text_0 et_pb_text_align_left et_pb_bg_layout_light\"><div class=\"et_pb_text_inner\"><p>The delivery of products ordered on the website www.foodbox.rs in the territory of the Republic of Serbia is carried out by the courier service Aks express kurir doo.\u00a0<\/p><\/div><\/div><\/div><\/div><div class=\"et_pb_row et_pb_row_1 subsection\"><div class=\"et_pb_column et_pb_column_4_4 et_pb_column_1 et_pb_css_mix_blend_mode_passthrough et-last-child\"><div class=\"et_pb_module et_pb_text et_pb_text_1 section_smaller_title et_pb_text_align_left et_pb_bg_layout_light\"><div class=\"et_pb_text_inner\"><h5>DELIVERY TIME<\/h5><\/div><\/div><div class=\"et_pb_module et_pb_text et_pb_text_2 et_pb_text_align_left et_pb_bg_layout_light\"><div class=\"et_pb_text_inner\"><p>The delivery time for goods purchased in the online store is 3-5 business days, excluding weekends.<\/p><p>Due to the increased volume of orders during seasonal sales, the delivery period may extend up to 7 business days.<\/p><p>After processing your order, you will be notified of its status via email.<\/p><\/div><\/div><div class=\"et_pb_module et_pb_text et_pb_text_3 section_smaller_title et_pb_text_align_left et_pb_bg_layout_light\"><div class=\"et_pb_text_inner\"><h5>PACKAGE COLLECTION BY THE CUSTOMER<\/h5><\/div><\/div><div class=\"et_pb_module et_pb_text et_pb_text_4 et_pb_text_align_left et_pb_bg_layout_light\"><div class=\"et_pb_text_inner\"><p>All shipments from www.foodbox.rs are delivered between 9 AM and 5 PM on weekdays, and from 9 AM to 3 PM on Saturdays. Goods are delivered personally to the customer or to the person designated as the recipient. The customer or recipient must be at the address specified in the order form during delivery hours (8 AM to 5 PM on weekdays and Saturdays).<\/p><p>If delivery is not possible due to the customer's absence or that of another designated recipient, and the goods need to be returned to the dispatch point, the customer will bear the cost of returning the goods.<\/p><p>Each shipment will be attempted for delivery twice. If you are unavailable at the address provided during ordering for the second attempt, the courier will try to contact you via the phone number provided in the order. If contact cannot be established, the package will be returned to us. In such a case, the customer will bear the cost of the return. Products from returned shipments may be sold to third parties, as the purchase agreement is considered terminated at that point.<\/p><p>Upon receiving the shipment, we will contact you to determine the reason for non-delivery and agree on possible reshipping.<\/p><p>When receiving the package, the customer is obliged to visually inspect the package in the presence of the courier or postal worker. If the package shows visible damage such as tears or dents, the customer must request the package to be opened in the presence of the courier. If it is determined that the items are damaged, the courier will create a damage report. In case of content damage, the courier service will compensate for the incurred costs.<\/p><\/div><\/div><div class=\"et_pb_module et_pb_text et_pb_text_5 section_smaller_title et_pb_text_align_left et_pb_bg_layout_light\"><div class=\"et_pb_text_inner\"><h5>DELIVERY CHARGES<\/h5><\/div><\/div><div class=\"et_pb_module et_pb_text et_pb_text_6 et_pb_text_align_left et_pb_bg_layout_light\"><div class=\"et_pb_text_inner\"><p>Delivery costs are calculated according to the official price list of the courier service.<\/p><\/div><div class=\"et_pb_text_inner\"><p>By confirming your order, you agree to the delivery terms.<\/p><\/div><\/div><\/div><\/div>\t\t\t\t\t\t\t\t<\/div>\n\t\t\t\t<\/div>\n\t\t\t\t\t<\/div>\n\t\t\t\t<\/div>\n\t\t\t\t<\/div>","protected":false},"excerpt":{"rendered":"<p>Dostava DOSTAVA Isporuku proizvoda poru\u010denih na sajtu www.foodbox.rs na teritoriji Republike Srbije vr\u0161i kurirska slu\u017eba Aks express kurir doo.\u00a0 ROK ISPORUKE Rok isporuke za robu kupljenu u online prodavnici je 3-5 radnih dana, dani vikenda se ne ra\u010dunaju. Zbog pove\u0107ane koli\u010dine narud\u017ebine tokom sezonskih sni\u017eenja vremenski period isporuke mo\u017ee se produ\u017eiti do 7 radnih dana. [&hellip;]<\/p>","protected":false},"author":1,"featured_media":0,"parent":0,"menu_order":0,"comment_status":"closed","ping_status":"closed","template":"elementor_header_footer","meta":{"footnotes":""},"class_list":["post-312","page","type-page","status-publish","hentry"],"_links":{"self":[{"href":"https:\/\/foodbox.rs\/en\/wp-json\/wp\/v2\/pages\/312","targetHints":{"allow":["GET"]}}],"collection":[{"href":"https:\/\/foodbox.rs\/en\/wp-json\/wp\/v2\/pages"}],"about":[{"href":"https:\/\/foodbox.rs\/en\/wp-json\/wp\/v2\/types\/page"}],"author":[{"embeddable":true,"href":"https:\/\/foodbox.rs\/en\/wp-json\/wp\/v2\/users\/1"}],"replies":[{"embeddable":true,"href":"https:\/\/foodbox.rs\/en\/wp-json\/wp\/v2\/comments?post=312"}],"version-history":[{"count":13,"href":"https:\/\/foodbox.rs\/en\/wp-json\/wp\/v2\/pages\/312\/revisions"}],"predecessor-version":[{"id":1793,"href":"https:\/\/foodbox.rs\/en\/wp-json\/wp\/v2\/pages\/312\/revisions\/1793"}],"wp:attachment":[{"href":"https:\/\/foodbox.rs\/en\/wp-json\/wp\/v2\/media?parent=312"}],"curies":[{"name":"wp","href":"https:\/\/api.w.org\/{rel}","templated":true}]}}