{"id":307,"date":"2024-11-22T16:04:30","date_gmt":"2024-11-22T16:04:30","guid":{"rendered":"https:\/\/kutijezahranu.rs\/?page_id=307"},"modified":"2025-03-26T11:18:41","modified_gmt":"2025-03-26T11:18:41","slug":"payment-methods","status":"publish","type":"page","link":"https:\/\/foodbox.rs\/en\/payment-methods\/","title":{"rendered":"Payment methods"},"content":{"rendered":"<div data-elementor-type=\"wp-page\" data-elementor-id=\"307\" class=\"elementor elementor-307\" data-elementor-post-type=\"page\">\n\t\t\t\t<div class=\"elementor-element elementor-element-3ff84d4 e-flex e-con-boxed e-con e-parent\" data-id=\"3ff84d4\" data-element_type=\"container\" data-settings=\"{&quot;background_background&quot;:&quot;classic&quot;}\">\n\t\t\t\t\t<div class=\"e-con-inner\">\n\t\t<div class=\"elementor-element elementor-element-359c380 e-con-full e-flex e-con e-child\" data-id=\"359c380\" data-element_type=\"container\">\n\t\t\t\t<div class=\"elementor-element elementor-element-fa5929e elementor-widget elementor-widget-woocommerce-breadcrumb\" data-id=\"fa5929e\" data-element_type=\"widget\" data-widget_type=\"woocommerce-breadcrumb.default\">\n\t\t\t\t<div class=\"elementor-widget-container\">\n\t\t\t\t\t<nav class=\"woocommerce-breadcrumb site-breadcrumb\" data-no-translation=\"\" data-trp-gettext=\"\">Home<\/nav>\t\t\t\t<\/div>\n\t\t\t\t<\/div>\n\t\t\t\t<div class=\"elementor-element elementor-element-0398339 elementor-widget__width-inherit elementor-widget elementor-widget-heading\" data-id=\"0398339\" data-element_type=\"widget\" data-widget_type=\"heading.default\">\n\t\t\t\t<div class=\"elementor-widget-container\">\n\t\t\t\t\t<h2 class=\"elementor-heading-title elementor-size-default\">Payment methods<\/h2>\t\t\t\t<\/div>\n\t\t\t\t<\/div>\n\t\t\t\t<\/div>\n\t\t\t\t\t<\/div>\n\t\t\t\t<\/div>\n\t\t<div class=\"elementor-element elementor-element-941e0d5 e-flex e-con-boxed e-con e-parent\" data-id=\"941e0d5\" data-element_type=\"container\">\n\t\t\t\t\t<div class=\"e-con-inner\">\n\t\t\t\t<div class=\"elementor-element elementor-element-0250529 elementor-widget elementor-widget-text-editor\" data-id=\"0250529\" data-element_type=\"widget\" data-widget_type=\"text-editor.default\">\n\t\t\t\t<div class=\"elementor-widget-container\">\n\t\t\t\t\t\t\t\t\t<div class=\"et_pb_row et_pb_row_0\"><div class=\"et_pb_column et_pb_column_4_4 et_pb_column_0 et_pb_css_mix_blend_mode_passthrough et-last-child\"><div class=\"et_pb_module et_pb_post_title et_pb_post_title_0 et_pb_bg_layout_light et_pb_text_align_left\"><div class=\"et_pb_title_container\"><h5 class=\"entry-title\">PAYMENT METHODS<\/h5><\/div><\/div><div class=\"et_pb_module et_pb_text et_pb_text_0 et_pb_text_align_left et_pb_bg_layout_light\"><div class=\"et_pb_text_inner\"><p>Products ordered from the \u201cwww.foodbox.rs\u201d online store can be paid for in three ways:<\/p><ul><li>cash on delivery \u2013 payment in cash to the courier upon delivery,<\/li><li>payment by payment cards on the site,<\/li><li>proforma invoice.<\/li><\/ul><p>The prices shown in the product description include VAT and do not include shipping costs.<\/p><\/div><\/div><\/div><\/div><div class=\"et_pb_row et_pb_row_1 subsection\"><div class=\"et_pb_column et_pb_column_4_4 et_pb_column_1 et_pb_css_mix_blend_mode_passthrough et-last-child\"><div class=\"et_pb_module et_pb_text et_pb_text_1 et_pb_text_align_left et_pb_bg_layout_light\"><div class=\"et_pb_text_inner\"><h5>CASH ON DELIVERY<\/h5><\/div><\/div><div class=\"et_pb_module et_pb_text et_pb_text_2 et_pb_text_align_left et_pb_bg_layout_light\"><div class=\"et_pb_text_inner\"><p>When picking up the shipment you ordered through the online store www.foodbox.rs, payment is made in cash in dinar currency or to the courier of our partner courier service who brings the shipment to you.<\/p><\/div><\/div><\/div><\/div><div class=\"et_pb_row et_pb_row_2 subsection\"><div class=\"et_pb_column et_pb_column_4_4 et_pb_column_2 et_pb_css_mix_blend_mode_passthrough et-last-child\"><div class=\"et_pb_module et_pb_text et_pb_text_3 et_pb_text_align_left et_pb_bg_layout_light\"><div class=\"et_pb_text_inner\"><h5>CARD PAYMENT<\/h5><\/div><\/div><div class=\"et_pb_module et_pb_text et_pb_text_4 et_pb_text_align_left et_pb_bg_layout_light\"><div class=\"et_pb_text_inner\"><p>You can pay for your order using Visa, MasterCard, American Express, or Maestro payment cards.<\/p><p>The card must be authorized by the issuing bank for online (internet) payments.<\/p><p>When ordering online, by selecting the appropriate payment method, you will be redirected to the Banca Intesa page, which is secure and protected for this type of payment. At no time are your card details available to our system.<\/p><p>On this page, you need to enter the following information: card number, expiration date, and CVC2\/CVV2 code, which you can find on your card.<\/p><p>When entering payment card details, confidential information is transmitted over the public network in a secure (encrypted) form using the SSL protocol and PKI system, the most advanced cryptographic technology currently available.<\/p><p>The security of data during the purchase is guaranteed by the card payment processor, Banca Intesa ad Beograd, so the entire payment process is conducted on the bank's pages.<\/p><p>The entry and verification of data are exclusively performed between the card user and Banca Intesa, and the online merchant does not have access to the exchanged data.<\/p><p>Payments can only be made in RSD currency. Payments are processed using payment cards issued by domestic and international banks.<\/p><p>Only the cardholder can make the payment.<\/p><\/div><\/div><\/div><\/div>\t\t\t\t\t\t\t\t<\/div>\n\t\t\t\t<\/div>\n\t\t\t\t\t<\/div>\n\t\t\t\t<\/div>\n\t\t\t\t<\/div>","protected":false},"excerpt":{"rendered":"<p>Na\u010dini pla\u0107anja NA\u010cINI PLA\u0106ANJA Proizvode poru\u010dene sa \u201ewww.foodbox.rs\u201c internet prodavnice mo\u017eete platiti na 3 na\u010dina: pla\u0107anje pouze\u0107em \u2013 gotovinom kuriru pri dostavi robe, pla\u0107anje platnim karticama na sajtu, predra\u010dun. Cene istaknute u opisu proizvoda su sa PDV-om i ne uklju\u010duju tro\u0161kove dostave. PLA\u0106ANJE POUZE\u0106EM Prilikom preuzimanja po\u0161iljke koju ste poru\u010dili putem internet prodavnice www.foodbox.rs, pla\u0107anje [&hellip;]<\/p>","protected":false},"author":1,"featured_media":0,"parent":0,"menu_order":0,"comment_status":"closed","ping_status":"closed","template":"elementor_header_footer","meta":{"footnotes":""},"class_list":["post-307","page","type-page","status-publish","hentry"],"_links":{"self":[{"href":"https:\/\/foodbox.rs\/en\/wp-json\/wp\/v2\/pages\/307","targetHints":{"allow":["GET"]}}],"collection":[{"href":"https:\/\/foodbox.rs\/en\/wp-json\/wp\/v2\/pages"}],"about":[{"href":"https:\/\/foodbox.rs\/en\/wp-json\/wp\/v2\/types\/page"}],"author":[{"embeddable":true,"href":"https:\/\/foodbox.rs\/en\/wp-json\/wp\/v2\/users\/1"}],"replies":[{"embeddable":true,"href":"https:\/\/foodbox.rs\/en\/wp-json\/wp\/v2\/comments?post=307"}],"version-history":[{"count":19,"href":"https:\/\/foodbox.rs\/en\/wp-json\/wp\/v2\/pages\/307\/revisions"}],"predecessor-version":[{"id":1929,"href":"https:\/\/foodbox.rs\/en\/wp-json\/wp\/v2\/pages\/307\/revisions\/1929"}],"wp:attachment":[{"href":"https:\/\/foodbox.rs\/en\/wp-json\/wp\/v2\/media?parent=307"}],"curies":[{"name":"wp","href":"https:\/\/api.w.org\/{rel}","templated":true}]}}