{"id":302,"date":"2024-11-22T16:01:57","date_gmt":"2024-11-22T16:01:57","guid":{"rendered":"https:\/\/kutijezahranu.rs\/?page_id=302"},"modified":"2024-12-27T10:27:38","modified_gmt":"2024-12-27T10:27:38","slug":"privacy-policy","status":"publish","type":"page","link":"https:\/\/foodbox.rs\/en\/privacy-policy\/","title":{"rendered":"Privacy Policy"},"content":{"rendered":"<div data-elementor-type=\"wp-page\" data-elementor-id=\"302\" class=\"elementor elementor-302\" data-elementor-post-type=\"page\">\n\t\t\t\t<div class=\"elementor-element elementor-element-747651b e-flex e-con-boxed e-con e-parent\" data-id=\"747651b\" data-element_type=\"container\" data-settings=\"{&quot;background_background&quot;:&quot;classic&quot;}\">\n\t\t\t\t\t<div class=\"e-con-inner\">\n\t\t<div class=\"elementor-element elementor-element-0169c16 e-con-full e-flex e-con e-child\" data-id=\"0169c16\" data-element_type=\"container\">\n\t\t\t\t<div class=\"elementor-element elementor-element-d626734 elementor-widget elementor-widget-woocommerce-breadcrumb\" data-id=\"d626734\" data-element_type=\"widget\" data-widget_type=\"woocommerce-breadcrumb.default\">\n\t\t\t\t<div class=\"elementor-widget-container\">\n\t\t\t\t\t<nav class=\"woocommerce-breadcrumb site-breadcrumb\" data-no-translation=\"\" data-trp-gettext=\"\">Home<\/nav>\t\t\t\t<\/div>\n\t\t\t\t<\/div>\n\t\t\t\t<div class=\"elementor-element elementor-element-4ec01f3 elementor-widget__width-inherit elementor-widget elementor-widget-heading\" data-id=\"4ec01f3\" data-element_type=\"widget\" data-widget_type=\"heading.default\">\n\t\t\t\t<div class=\"elementor-widget-container\">\n\t\t\t\t\t<h2 class=\"elementor-heading-title elementor-size-default\">Privacy Policy<\/h2>\t\t\t\t<\/div>\n\t\t\t\t<\/div>\n\t\t\t\t<\/div>\n\t\t\t\t\t<\/div>\n\t\t\t\t<\/div>\n\t\t<div class=\"elementor-element elementor-element-568e229 e-flex e-con-boxed e-con e-parent\" data-id=\"568e229\" data-element_type=\"container\">\n\t\t\t\t\t<div class=\"e-con-inner\">\n\t\t\t\t<div class=\"elementor-element elementor-element-059dcc5 elementor-widget elementor-widget-text-editor\" data-id=\"059dcc5\" data-element_type=\"widget\" data-widget_type=\"text-editor.default\">\n\t\t\t\t<div class=\"elementor-widget-container\">\n\t\t\t\t\t\t\t\t\t<div class=\"et_pb_row et_pb_row_0\"><div class=\"et_pb_column et_pb_column_4_4 et_pb_column_0 et_pb_css_mix_blend_mode_passthrough et-last-child\"><div class=\"et_pb_module et_pb_post_title et_pb_post_title_0 et_pb_bg_layout_light et_pb_text_align_left\"><div class=\"et_pb_title_container\"><h5 class=\"entry-title\">PRIVACY POLICY<\/h5><\/div><\/div><div class=\"et_pb_module et_pb_text et_pb_text_0 et_pb_text_align_left et_pb_bg_layout_light\"><div class=\"et_pb_text_inner\"><p>\u201cVIZARTIS DOO BEOGRAD\u201d highly values the privacy of its customers and carefully protects your personal data using all available security measures.<\/p><p>All information you provide on the website www.foodbox.rs is secure and will not be shared with third parties under any circumstances, making your cooperation with us safe and reliable.<\/p><\/div><\/div><\/div><\/div><div class=\"et_pb_row et_pb_row_1 subsection\"><div class=\"et_pb_column et_pb_column_4_4 et_pb_column_1 et_pb_css_mix_blend_mode_passthrough et-last-child\"><div class=\"et_pb_module et_pb_text et_pb_text_1 et_pb_text_align_left et_pb_bg_layout_light\"><div class=\"et_pb_text_inner\"><h5>DATA PRIVACY PROTECTION<\/h5><\/div><\/div><div class=\"et_pb_module et_pb_text et_pb_text_2 et_pb_text_align_left et_pb_bg_layout_light\"><div class=\"et_pb_text_inner\"><p>To create an order, as well as to register on our online store, you need to provide your first name, last name, address, email, and phone number.<\/p><p>This data is used to deliver the desired product to you and to inform you about the current status of your order.<\/p><p>Your personal data is used exclusively by \u201cVIZARTIS DOO BEOGRAD\u201d for the technical administration of the e-store, to grant you access to specific information, or to communicate with you. \u201cVIZARTIS DOO BEOGRAD\u201d commits not to misuse, share, or sell this data to third parties or on the market, except when required by law.<\/p><p>Employees of \u201cVIZARTIS DOO BEOGRAD\u201d are also obligated to maintain the confidentiality of customers' personal data.<\/p><p>In addition to the mentioned data, we collect, analyze, and process information about the products our visitors search for and purchase, as well as the pages they visit. This information is used to improve the offerings and appearance of our pages, ensuring easier use, safer, and more comfortable shopping.<\/p><\/div><\/div><\/div><\/div><div class=\"et_pb_row et_pb_row_2 subsection\"><div class=\"et_pb_column et_pb_column_4_4 et_pb_column_2 et_pb_css_mix_blend_mode_passthrough et-last-child\"><div class=\"et_pb_module et_pb_text et_pb_text_3 section_bigger_title et_pb_text_align_left et_pb_bg_layout_light\"><div class=\"et_pb_text_inner\"><h5>COOKIES<\/h5><\/div><\/div><div class=\"et_pb_module et_pb_text et_pb_text_4 et_pb_text_align_left et_pb_bg_layout_light\"><div class=\"et_pb_text_inner\"><p>\u201cwww.foodbox.rs\u201d uses cookies to help you customize your internet usage to your needs and provide the best user experience. A cookie is a text file placed on your hard drive by a web server. Cookies cannot be used to run programs or deliver viruses to your computer.<\/p><p>Cookies themselves do not pose a threat to privacy as they are created solely to store information provided by the user and retrieved from the web server.<\/p><p>Cookies are uniquely assigned to you and can only be read by the web server in the domain that issued them to you. One of the primary purposes of cookies is to provide conveniences that save you time.<\/p><\/div><\/div><\/div><\/div><div class=\"et_pb_row et_pb_row_3 subsection\"><div class=\"et_pb_column et_pb_column_4_4 et_pb_column_3 et_pb_css_mix_blend_mode_passthrough et-last-child\"><div class=\"et_pb_module et_pb_text et_pb_text_5 section_bigger_title et_pb_text_align_left et_pb_bg_layout_light\"><div class=\"et_pb_text_inner\"><h5>CONSENT AND CHANGES TO TERMS<\/h5><\/div><\/div><div class=\"et_pb_module et_pb_text et_pb_text_6 et_pb_text_align_left et_pb_bg_layout_light\"><div class=\"et_pb_text_inner\"><p>Using our online store implies the user's consent to the stated terms of use. \u201cVIZARTIS DOO BEOGRAD\u201d commits to adhering to everything mentioned, and any changes to the terms will become effective only after being published on this page and after an email notification is sent to all registered users.<\/p><\/div><\/div><\/div><\/div>\t\t\t\t\t\t\t\t<\/div>\n\t\t\t\t<\/div>\n\t\t\t\t\t<\/div>\n\t\t\t\t<\/div>\n\t\t\t\t<\/div>","protected":false},"excerpt":{"rendered":"<p>Politika privatnosti POLITIKA PRIVATNOSTI \u201eVIZARTIS DOO BEOGRAD\u201c izuzetno ceni privatnost svojih kupaca i zato o va\u0161im li\u010dnim podacima pa\u017eljivo brinemo koriste\u0107i sva dostupna sredstva za\u0161tite. Sve informacije koje ostavljate na sajtu www.foodbox.rs su bezbedne i ni pod kojim uslovima ih ne ustupamo tre\u0107em licu, \u0161to saradnju sa nama \u010dini sigurnom i pouzdanom. ZA\u0160TITA PRIVATNOSTI PODATAKA [&hellip;]<\/p>","protected":false},"author":1,"featured_media":0,"parent":0,"menu_order":0,"comment_status":"closed","ping_status":"closed","template":"elementor_header_footer","meta":{"footnotes":""},"class_list":["post-302","page","type-page","status-publish","hentry"],"_links":{"self":[{"href":"https:\/\/foodbox.rs\/en\/wp-json\/wp\/v2\/pages\/302","targetHints":{"allow":["GET"]}}],"collection":[{"href":"https:\/\/foodbox.rs\/en\/wp-json\/wp\/v2\/pages"}],"about":[{"href":"https:\/\/foodbox.rs\/en\/wp-json\/wp\/v2\/types\/page"}],"author":[{"embeddable":true,"href":"https:\/\/foodbox.rs\/en\/wp-json\/wp\/v2\/users\/1"}],"replies":[{"embeddable":true,"href":"https:\/\/foodbox.rs\/en\/wp-json\/wp\/v2\/comments?post=302"}],"version-history":[{"count":13,"href":"https:\/\/foodbox.rs\/en\/wp-json\/wp\/v2\/pages\/302\/revisions"}],"predecessor-version":[{"id":1494,"href":"https:\/\/foodbox.rs\/en\/wp-json\/wp\/v2\/pages\/302\/revisions\/1494"}],"wp:attachment":[{"href":"https:\/\/foodbox.rs\/en\/wp-json\/wp\/v2\/media?parent=302"}],"curies":[{"name":"wp","href":"https:\/\/api.w.org\/{rel}","templated":true}]}}